{"id":446,"date":"2016-09-27T12:26:05","date_gmt":"2016-09-27T12:26:05","guid":{"rendered":"http:\/\/apetita.puruno.com\/1\/?page_id=19"},"modified":"2021-07-26T08:02:48","modified_gmt":"2021-07-26T08:02:48","slug":"reservas","status":"publish","type":"page","link":"https:\/\/km57streetfood.com\/en\/reservas\/","title":{"rendered":"Reservas"},"content":{"rendered":"<div class=\"vc_row wpb_row vc_row-fluid\"><div class=\"wpb_column vc_column_container vc_col-sm-12\"><div class=\"vc_column-inner\"><div class=\"wpb_wrapper\"><div class=\"vc_empty_space\"   style=\"height: 50px\" ><span class=\"vc_empty_space_inner\"><\/span><\/div>\n<h2 style=\"text-align: left;font-family:ABeeZee;font-weight:400;font-style:normal\" class=\"vc_custom_heading\" >Reservas<\/h2><div class=\"vc_separator wpb_content_element vc_separator_align_center vc_sep_width_100 vc_sep_double vc_sep_pos_align_center vc_separator_no_text\" ><span class=\"vc_sep_holder vc_sep_holder_l\"><span  style=\"border-color:rgb(0,0,0);border-color:rgba(0,0,0,0.12);\" class=\"vc_sep_line\"><\/span><\/span><span class=\"vc_sep_holder vc_sep_holder_r\"><span  style=\"border-color:rgb(0,0,0);border-color:rgba(0,0,0,0.12);\" class=\"vc_sep_line\"><\/span><\/span>\n<\/div>\n\t<div class=\"wpb_text_column wpb_content_element\" >\n\t\t<div class=\"wpb_wrapper\">\n\t\t\t<p>Puedes hacer tus reservas llam\u00e1ndonos, o contact\u00e1ndonos v\u00eda Whatsapp.<\/p>\n<p>Las reservas se pueden hacer hasta 24h antes del servicio.<\/p>\n\n\t\t<\/div>\n\t<\/div>\n<div class=\"vc_empty_space\"   style=\"height: 50px\" ><span class=\"vc_empty_space_inner\"><\/span><\/div>\n<\/div><\/div><\/div><\/div><div class=\"vc_row wpb_row vc_row-fluid vc_row-o-content-middle vc_row-flex\"><div class=\"wpb_column vc_column_container vc_col-sm-3\"><div class=\"vc_column-inner\"><div class=\"wpb_wrapper\"><div \tclass=\"vc_icon_element vc_icon_element-outer vc_icon_element-align-center\">\n\t<div class=\"vc_icon_element-inner vc_icon_element-color-custom vc_icon_element-size-sm vc_icon_element-style- vc_icon_element-background-color-grey\">\n\t\t<span class=\"vc_icon_element-icon fa fa-phone\" style=\"color:#adadad !important\"><\/span><\/div>\n<\/div>\n<\/div><\/div><\/div><div class=\"wpb_column vc_column_container vc_col-sm-9\"><div class=\"vc_column-inner\"><div class=\"wpb_wrapper\">\n\t<div class=\"wpb_text_column wpb_content_element\" >\n\t\t<div class=\"wpb_wrapper\">\n\t\t\t<p>Ll\u00e1manos al 622777223.<\/p>\n\n\t\t<\/div>\n\t<\/div>\n<\/div><\/div><\/div><\/div>","protected":false},"excerpt":{"rendered":"Reservas Puedes hacer tus reservas llam\u00e1ndonos, o contact\u00e1ndonos v\u00eda Whatsapp. Las reservas se pueden hacer hasta 24h antes del servicio. Ll\u00e1manos al 622777223.","protected":false},"author":1,"featured_media":567,"parent":0,"menu_order":0,"comment_status":"closed","ping_status":"closed","template":"","meta":{"footnotes":""},"class_list":["post-446","page","type-page","status-publish","has-post-thumbnail","hentry"],"yoast_head":"<!-- This site is optimized with the Yoast SEO plugin v21.1 - https:\/\/yoast.com\/wordpress\/plugins\/seo\/ -->\n<title>Reservas - Km57 Street Food<\/title>\n<meta name=\"robots\" content=\"index, follow, max-snippet:-1, max-image-preview:large, max-video-preview:-1\" \/>\n<link rel=\"canonical\" href=\"https:\/\/km57streetfood.com\/en\/reservas\/\" \/>\n<meta property=\"og:locale\" content=\"en_GB\" \/>\n<meta property=\"og:type\" content=\"article\" \/>\n<meta property=\"og:title\" content=\"Reservas - Km57 Street Food\" \/>\n<meta property=\"og:url\" content=\"https:\/\/km57streetfood.com\/en\/reservas\/\" \/>\n<meta property=\"og:site_name\" content=\"Km57 Street Food\" \/>\n<meta property=\"article:modified_time\" content=\"2021-07-26T08:02:48+00:00\" \/>\n<meta property=\"og:image\" content=\"https:\/\/km57streetfood.com\/wp-content\/uploads\/2021\/07\/sidebar-4-1.jpg\" \/>\n\t<meta property=\"og:image:width\" content=\"500\" \/>\n\t<meta property=\"og:image:height\" content=\"768\" \/>\n\t<meta property=\"og:image:type\" content=\"image\/jpeg\" \/>\n<meta name=\"twitter:card\" content=\"summary_large_image\" \/>\n<script type=\"application\/ld+json\" class=\"yoast-schema-graph\">{\"@context\":\"https:\/\/schema.org\",\"@graph\":[{\"@type\":\"WebPage\",\"@id\":\"https:\/\/km57streetfood.com\/reservas\/\",\"url\":\"https:\/\/km57streetfood.com\/reservas\/\",\"name\":\"Reservas - Km57 Street Food\",\"isPartOf\":{\"@id\":\"https:\/\/km57streetfood.com\/#website\"},\"datePublished\":\"2016-09-27T12:26:05+00:00\",\"dateModified\":\"2021-07-26T08:02:48+00:00\",\"breadcrumb\":{\"@id\":\"https:\/\/km57streetfood.com\/reservas\/#breadcrumb\"},\"inLanguage\":\"en-GB\",\"potentialAction\":[{\"@type\":\"ReadAction\",\"target\":[\"https:\/\/km57streetfood.com\/reservas\/\"]}]},{\"@type\":\"BreadcrumbList\",\"@id\":\"https:\/\/km57streetfood.com\/reservas\/#breadcrumb\",\"itemListElement\":[{\"@type\":\"ListItem\",\"position\":1,\"name\":\"Portada\",\"item\":\"https:\/\/km57streetfood.com\/\"},{\"@type\":\"ListItem\",\"position\":2,\"name\":\"Reservas\"}]},{\"@type\":\"WebSite\",\"@id\":\"https:\/\/km57streetfood.com\/#website\",\"url\":\"https:\/\/km57streetfood.com\/\",\"name\":\"Km57 Street Food\",\"description\":\"Just another WordPress site\",\"potentialAction\":[{\"@type\":\"SearchAction\",\"target\":{\"@type\":\"EntryPoint\",\"urlTemplate\":\"https:\/\/km57streetfood.com\/?s={search_term_string}\"},\"query-input\":\"required name=search_term_string\"}],\"inLanguage\":\"en-GB\"}]}<\/script>\n<!-- \/ Yoast SEO plugin. -->","yoast_head_json":{"title":"Reservas - Km57 Street Food","robots":{"index":"index","follow":"follow","max-snippet":"max-snippet:-1","max-image-preview":"max-image-preview:large","max-video-preview":"max-video-preview:-1"},"canonical":"https:\/\/km57streetfood.com\/en\/reservas\/","og_locale":"en_GB","og_type":"article","og_title":"Reservas - Km57 Street Food","og_url":"https:\/\/km57streetfood.com\/en\/reservas\/","og_site_name":"Km57 Street Food","article_modified_time":"2021-07-26T08:02:48+00:00","og_image":[{"width":500,"height":768,"url":"https:\/\/km57streetfood.com\/wp-content\/uploads\/2021\/07\/sidebar-4-1.jpg","type":"image\/jpeg"}],"twitter_card":"summary_large_image","schema":{"@context":"https:\/\/schema.org","@graph":[{"@type":"WebPage","@id":"https:\/\/km57streetfood.com\/reservas\/","url":"https:\/\/km57streetfood.com\/reservas\/","name":"Reservas - Km57 Street Food","isPartOf":{"@id":"https:\/\/km57streetfood.com\/#website"},"datePublished":"2016-09-27T12:26:05+00:00","dateModified":"2021-07-26T08:02:48+00:00","breadcrumb":{"@id":"https:\/\/km57streetfood.com\/reservas\/#breadcrumb"},"inLanguage":"en-GB","potentialAction":[{"@type":"ReadAction","target":["https:\/\/km57streetfood.com\/reservas\/"]}]},{"@type":"BreadcrumbList","@id":"https:\/\/km57streetfood.com\/reservas\/#breadcrumb","itemListElement":[{"@type":"ListItem","position":1,"name":"Portada","item":"https:\/\/km57streetfood.com\/"},{"@type":"ListItem","position":2,"name":"Reservas"}]},{"@type":"WebSite","@id":"https:\/\/km57streetfood.com\/#website","url":"https:\/\/km57streetfood.com\/","name":"Km57 Street Food","description":"Just another WordPress site","potentialAction":[{"@type":"SearchAction","target":{"@type":"EntryPoint","urlTemplate":"https:\/\/km57streetfood.com\/?s={search_term_string}"},"query-input":"required name=search_term_string"}],"inLanguage":"en-GB"}]}},"_links":{"self":[{"href":"https:\/\/km57streetfood.com\/en\/wp-json\/wp\/v2\/pages\/446","targetHints":{"allow":["GET"]}}],"collection":[{"href":"https:\/\/km57streetfood.com\/en\/wp-json\/wp\/v2\/pages"}],"about":[{"href":"https:\/\/km57streetfood.com\/en\/wp-json\/wp\/v2\/types\/page"}],"author":[{"embeddable":true,"href":"https:\/\/km57streetfood.com\/en\/wp-json\/wp\/v2\/users\/1"}],"replies":[{"embeddable":true,"href":"https:\/\/km57streetfood.com\/en\/wp-json\/wp\/v2\/comments?post=446"}],"version-history":[{"count":10,"href":"https:\/\/km57streetfood.com\/en\/wp-json\/wp\/v2\/pages\/446\/revisions"}],"predecessor-version":[{"id":823,"href":"https:\/\/km57streetfood.com\/en\/wp-json\/wp\/v2\/pages\/446\/revisions\/823"}],"wp:featuredmedia":[{"embeddable":true,"href":"https:\/\/km57streetfood.com\/en\/wp-json\/wp\/v2\/media\/567"}],"wp:attachment":[{"href":"https:\/\/km57streetfood.com\/en\/wp-json\/wp\/v2\/media?parent=446"}],"curies":[{"name":"wp","href":"https:\/\/api.w.org\/{rel}","templated":true}]}}