{"id":119,"date":"2016-11-07T10:10:09","date_gmt":"2016-11-07T10:10:09","guid":{"rendered":"http:\/\/apetita.puruno.com\/1\/?page_id=119"},"modified":"2021-07-19T09:02:16","modified_gmt":"2021-07-19T09:02:16","slug":"quienes-somos","status":"publish","type":"page","link":"https:\/\/km57streetfood.com\/en\/quienes-somos\/","title":{"rendered":"Acerca de Km57"},"content":{"rendered":"<div class=\"vc_row wpb_row vc_row-fluid\"><div class=\"wpb_column vc_column_container vc_col-sm-12\"><div class=\"vc_column-inner\"><div class=\"wpb_wrapper\"><div class=\"vc_empty_space\"   style=\"height: 50px\" ><span class=\"vc_empty_space_inner\"><\/span><\/div>\n<h2 style=\"text-align: left;font-family:Playfair Display;font-weight:400;font-style:normal\" class=\"vc_custom_heading\" >Comida gourmet sobre ruedas<\/h2><div class=\"vc_separator wpb_content_element vc_separator_align_center vc_sep_width_100 vc_sep_double vc_sep_pos_align_center vc_separator_no_text\" ><span class=\"vc_sep_holder vc_sep_holder_l\"><span  style=\"border-color:rgb(0,0,0);border-color:rgba(0,0,0,0.12);\" class=\"vc_sep_line\"><\/span><\/span><span class=\"vc_sep_holder vc_sep_holder_r\"><span  style=\"border-color:rgb(0,0,0);border-color:rgba(0,0,0,0.12);\" class=\"vc_sep_line\"><\/span><\/span>\n<\/div><\/div><\/div><\/div><\/div><div class=\"vc_row wpb_row vc_row-fluid\"><div class=\"wpb_column vc_column_container vc_col-sm-12\"><div class=\"vc_column-inner\"><div class=\"wpb_wrapper\">\n\t<div class=\"wpb_text_column wpb_content_element\" >\n\t\t<div class=\"wpb_wrapper\">\n\t\t\t<p><span style=\"font-weight: 400;\">Km57 Street Food trae a Benic\u00e0ssim la aut\u00e9ntica experiencia del food truck originada en ciudades como Nueva York en el siglo XIX.<\/span><\/p>\n\n\t\t<\/div>\n\t<\/div>\n\n\t<div class=\"wpb_text_column wpb_content_element\" >\n\t\t<div class=\"wpb_wrapper\">\n\t\t\t<blockquote><p>\nCon una est\u00e9tica cuidada al detalle, la propuesta gastron\u00f3mica recrea m\u00e1s de cien a\u00f1os de historia a bordo de la ic\u00f3nica <strong>Chevrolet Steep Van del 54<\/strong>, desde la que se cocinan platos que fusionan la autenticidad del concepto food truck y su esp\u00edritu urbano, con la calidad de los productos, un servicio al aire libre y el confort de un restaurante genuino.\n<\/p><\/blockquote>\n\n\t\t<\/div>\n\t<\/div>\n\n\t<div class=\"wpb_text_column wpb_content_element\" >\n\t\t<div class=\"wpb_wrapper\">\n\t\t\t<p><span style=\"font-weight: 400;\">En Km57 Street Food apostamos por una experiencia gastron\u00f3mica revolucionaria: la vuelta a los or\u00edgenes del concepto street food combinada con el sabor gourmet que se desprende de la cocina de alta calidad.<\/span><\/p>\n\n\t\t<\/div>\n\t<\/div>\n\n\t<div class=\"wpb_text_column wpb_content_element\" >\n\t\t<div class=\"wpb_wrapper\">\n\t\t\t<p><span style=\"font-weight: 400;\">No son conceptos antag\u00f3nicos. Es posible y lo hemos logrado. <span style=\"text-decoration: underline;\"><a href=\"https:\/\/km57streetfood.com\/en\/nuestra-carta\/\">Haz click aqu\u00ed para ver la carta<\/a><\/span> que hemos dise\u00f1ado y d\u00e9jate llevar por una experiencia food truck excepcional.<\/span><\/p>\n\n\t\t<\/div>\n\t<\/div>\n<\/div><\/div><\/div><\/div>","protected":false},"excerpt":{"rendered":"Comida gourmet sobre ruedas Km57 Street Food trae a Benic\u00e0ssim la aut\u00e9ntica experiencia del food truck originada en ciudades como Nueva York en el siglo XIX. Con una est\u00e9tica cuidada al detalle, la propuesta gastron\u00f3mica recrea m\u00e1s de cien a\u00f1os de historia a bordo de la ic\u00f3nica Chevrolet Steep Van del 54, desde la que [...]","protected":false},"author":1,"featured_media":567,"parent":0,"menu_order":0,"comment_status":"closed","ping_status":"closed","template":"","meta":{"footnotes":""},"class_list":["post-119","page","type-page","status-publish","has-post-thumbnail","hentry"],"yoast_head":"<!-- This site is optimized with the Yoast SEO plugin v21.1 - https:\/\/yoast.com\/wordpress\/plugins\/seo\/ -->\n<title>Acerca de Km57 - Km57 Street Food<\/title>\n<meta name=\"robots\" content=\"index, follow, max-snippet:-1, max-image-preview:large, max-video-preview:-1\" \/>\n<link rel=\"canonical\" href=\"https:\/\/km57streetfood.com\/en\/quienes-somos\/\" \/>\n<meta property=\"og:locale\" content=\"en_GB\" \/>\n<meta property=\"og:type\" content=\"article\" \/>\n<meta property=\"og:title\" content=\"Acerca de Km57 - Km57 Street Food\" \/>\n<meta property=\"og:url\" content=\"https:\/\/km57streetfood.com\/en\/quienes-somos\/\" \/>\n<meta property=\"og:site_name\" content=\"Km57 Street Food\" \/>\n<meta property=\"article:modified_time\" content=\"2021-07-19T09:02:16+00:00\" \/>\n<meta property=\"og:image\" content=\"https:\/\/km57streetfood.com\/wp-content\/uploads\/2021\/07\/sidebar-4-1.jpg\" \/>\n\t<meta property=\"og:image:width\" content=\"500\" \/>\n\t<meta property=\"og:image:height\" content=\"768\" \/>\n\t<meta property=\"og:image:type\" content=\"image\/jpeg\" \/>\n<meta name=\"twitter:card\" content=\"summary_large_image\" \/>\n<script type=\"application\/ld+json\" class=\"yoast-schema-graph\">{\"@context\":\"https:\/\/schema.org\",\"@graph\":[{\"@type\":\"WebPage\",\"@id\":\"https:\/\/km57streetfood.com\/quienes-somos\/\",\"url\":\"https:\/\/km57streetfood.com\/quienes-somos\/\",\"name\":\"Acerca de Km57 - Km57 Street Food\",\"isPartOf\":{\"@id\":\"https:\/\/km57streetfood.com\/#website\"},\"datePublished\":\"2016-11-07T10:10:09+00:00\",\"dateModified\":\"2021-07-19T09:02:16+00:00\",\"breadcrumb\":{\"@id\":\"https:\/\/km57streetfood.com\/quienes-somos\/#breadcrumb\"},\"inLanguage\":\"en-GB\",\"potentialAction\":[{\"@type\":\"ReadAction\",\"target\":[\"https:\/\/km57streetfood.com\/quienes-somos\/\"]}]},{\"@type\":\"BreadcrumbList\",\"@id\":\"https:\/\/km57streetfood.com\/quienes-somos\/#breadcrumb\",\"itemListElement\":[{\"@type\":\"ListItem\",\"position\":1,\"name\":\"Portada\",\"item\":\"https:\/\/km57streetfood.com\/\"},{\"@type\":\"ListItem\",\"position\":2,\"name\":\"Acerca de Km57\"}]},{\"@type\":\"WebSite\",\"@id\":\"https:\/\/km57streetfood.com\/#website\",\"url\":\"https:\/\/km57streetfood.com\/\",\"name\":\"Km57 Street Food\",\"description\":\"Just another WordPress site\",\"potentialAction\":[{\"@type\":\"SearchAction\",\"target\":{\"@type\":\"EntryPoint\",\"urlTemplate\":\"https:\/\/km57streetfood.com\/?s={search_term_string}\"},\"query-input\":\"required name=search_term_string\"}],\"inLanguage\":\"en-GB\"}]}<\/script>\n<!-- \/ Yoast SEO plugin. -->","yoast_head_json":{"title":"Acerca de Km57 - Km57 Street Food","robots":{"index":"index","follow":"follow","max-snippet":"max-snippet:-1","max-image-preview":"max-image-preview:large","max-video-preview":"max-video-preview:-1"},"canonical":"https:\/\/km57streetfood.com\/en\/quienes-somos\/","og_locale":"en_GB","og_type":"article","og_title":"Acerca de Km57 - Km57 Street Food","og_url":"https:\/\/km57streetfood.com\/en\/quienes-somos\/","og_site_name":"Km57 Street Food","article_modified_time":"2021-07-19T09:02:16+00:00","og_image":[{"width":500,"height":768,"url":"https:\/\/km57streetfood.com\/wp-content\/uploads\/2021\/07\/sidebar-4-1.jpg","type":"image\/jpeg"}],"twitter_card":"summary_large_image","schema":{"@context":"https:\/\/schema.org","@graph":[{"@type":"WebPage","@id":"https:\/\/km57streetfood.com\/quienes-somos\/","url":"https:\/\/km57streetfood.com\/quienes-somos\/","name":"Acerca de Km57 - Km57 Street Food","isPartOf":{"@id":"https:\/\/km57streetfood.com\/#website"},"datePublished":"2016-11-07T10:10:09+00:00","dateModified":"2021-07-19T09:02:16+00:00","breadcrumb":{"@id":"https:\/\/km57streetfood.com\/quienes-somos\/#breadcrumb"},"inLanguage":"en-GB","potentialAction":[{"@type":"ReadAction","target":["https:\/\/km57streetfood.com\/quienes-somos\/"]}]},{"@type":"BreadcrumbList","@id":"https:\/\/km57streetfood.com\/quienes-somos\/#breadcrumb","itemListElement":[{"@type":"ListItem","position":1,"name":"Portada","item":"https:\/\/km57streetfood.com\/"},{"@type":"ListItem","position":2,"name":"Acerca de Km57"}]},{"@type":"WebSite","@id":"https:\/\/km57streetfood.com\/#website","url":"https:\/\/km57streetfood.com\/","name":"Km57 Street Food","description":"Just another WordPress site","potentialAction":[{"@type":"SearchAction","target":{"@type":"EntryPoint","urlTemplate":"https:\/\/km57streetfood.com\/?s={search_term_string}"},"query-input":"required name=search_term_string"}],"inLanguage":"en-GB"}]}},"_links":{"self":[{"href":"https:\/\/km57streetfood.com\/en\/wp-json\/wp\/v2\/pages\/119","targetHints":{"allow":["GET"]}}],"collection":[{"href":"https:\/\/km57streetfood.com\/en\/wp-json\/wp\/v2\/pages"}],"about":[{"href":"https:\/\/km57streetfood.com\/en\/wp-json\/wp\/v2\/types\/page"}],"author":[{"embeddable":true,"href":"https:\/\/km57streetfood.com\/en\/wp-json\/wp\/v2\/users\/1"}],"replies":[{"embeddable":true,"href":"https:\/\/km57streetfood.com\/en\/wp-json\/wp\/v2\/comments?post=119"}],"version-history":[{"count":9,"href":"https:\/\/km57streetfood.com\/en\/wp-json\/wp\/v2\/pages\/119\/revisions"}],"predecessor-version":[{"id":786,"href":"https:\/\/km57streetfood.com\/en\/wp-json\/wp\/v2\/pages\/119\/revisions\/786"}],"wp:featuredmedia":[{"embeddable":true,"href":"https:\/\/km57streetfood.com\/en\/wp-json\/wp\/v2\/media\/567"}],"wp:attachment":[{"href":"https:\/\/km57streetfood.com\/en\/wp-json\/wp\/v2\/media?parent=119"}],"curies":[{"name":"wp","href":"https:\/\/api.w.org\/{rel}","templated":true}]}}